{"id":10913,"date":"2026-02-20T13:15:16","date_gmt":"2026-02-20T13:15:16","guid":{"rendered":"https:\/\/www.mipo.com.tr\/?post_type=product&#038;p=10913"},"modified":"2026-04-13T13:58:07","modified_gmt":"2026-04-13T13:58:07","slug":"mipo-m28","status":"publish","type":"product","link":"https:\/\/www.mipo.com.tr\/en\/product\/mipo-m28\/","title":{"rendered":"Mipo M28"},"content":{"rendered":"<p class=\"b8e-text-scalable\">6.517&#8221; 720*1600px HD INCELL Ekran<\/p>\n<p class=\"b8e-text-scalable\">Speadtrum SC9863A Octa-Core CPU<\/p>\n<p class=\"b8e-text-scalable\">4GB RAM<\/p>\n<p class=\"b8e-text-scalable\">4000 mAh Pil Kapasitesi<\/p>\n<p class=\"b8e-text-scalable\">Android 14<\/p>\n<p class=\"b8e-text-scalable\">128GB Haf\u0131za<\/p>\n<p class=\"b8e-text-scalable\">5MP \u00d6n &amp; 13MP Arka Kamera &amp; 2MP Arka Kamera<\/p>\n<p class=\"b8e-text-scalable\">2 S\u0130M Kart Kullan\u0131m\u0131<\/p>\n<p class=\"b8e-text-scalable\">Kutu i\u00e7eri\u011fi : Cihaz\/ USB Kablosu \/ Ekran Koruma Filmi \/ H\u0131zl\u0131 Ba\u015flang\u0131\u00e7 K\u0131lavuzu<\/p>","protected":false},"excerpt":{"rendered":"<p>6.517&#8221; 720*1600px HD INCELL Ekran Speadtrum SC9863A Octa-Core CPU 4GB RAM 4000 mAh Pil Kapasitesi Android 14 128GB Haf\u0131za 5MP<\/p>","protected":false},"featured_media":10888,"comment_status":"open","ping_status":"closed","template":"","meta":[],"product_brand":[],"product_cat":[83],"product_tag":[],"class_list":{"0":"post-10913","1":"product","2":"type-product","3":"status-publish","4":"has-post-thumbnail","6":"product_cat-telefon","8":"first","9":"instock","10":"shipping-taxable","11":"purchasable","12":"product-type-simple"},"_links":{"self":[{"href":"https:\/\/www.mipo.com.tr\/en\/wp-json\/wp\/v2\/product\/10913","targetHints":{"allow":["GET"]}}],"collection":[{"href":"https:\/\/www.mipo.com.tr\/en\/wp-json\/wp\/v2\/product"}],"about":[{"href":"https:\/\/www.mipo.com.tr\/en\/wp-json\/wp\/v2\/types\/product"}],"replies":[{"embeddable":true,"href":"https:\/\/www.mipo.com.tr\/en\/wp-json\/wp\/v2\/comments?post=10913"}],"version-history":[{"count":3,"href":"https:\/\/www.mipo.com.tr\/en\/wp-json\/wp\/v2\/product\/10913\/revisions"}],"predecessor-version":[{"id":11071,"href":"https:\/\/www.mipo.com.tr\/en\/wp-json\/wp\/v2\/product\/10913\/revisions\/11071"}],"wp:featuredmedia":[{"embeddable":true,"href":"https:\/\/www.mipo.com.tr\/en\/wp-json\/wp\/v2\/media\/10888"}],"wp:attachment":[{"href":"https:\/\/www.mipo.com.tr\/en\/wp-json\/wp\/v2\/media?parent=10913"}],"wp:term":[{"taxonomy":"product_brand","embeddable":true,"href":"https:\/\/www.mipo.com.tr\/en\/wp-json\/wp\/v2\/product_brand?post=10913"},{"taxonomy":"product_cat","embeddable":true,"href":"https:\/\/www.mipo.com.tr\/en\/wp-json\/wp\/v2\/product_cat?post=10913"},{"taxonomy":"product_tag","embeddable":true,"href":"https:\/\/www.mipo.com.tr\/en\/wp-json\/wp\/v2\/product_tag?post=10913"}],"curies":[{"name":"wp","href":"https:\/\/api.w.org\/{rel}","templated":true}]}}